
{"id":5595,"date":"2021-03-26T11:02:57","date_gmt":"2021-03-26T10:02:57","guid":{"rendered":"https:\/\/tomaszdomanski.eu\/en\/?page_id=5595"},"modified":"2023-05-02T01:51:58","modified_gmt":"2023-05-01T23:51:58","slug":"tax-calculation-system","status":"publish","type":"page","link":"https:\/\/tomaszdomanski.eu\/en\/tax-calculation-system\/","title":{"rendered":"Portfolio | Tax calculation system"},"content":{"rendered":"\t\t<div data-elementor-type=\"wp-page\" data-elementor-id=\"5595\" class=\"elementor elementor-5595\">\n\t\t\t\t\t\t<section class=\"elementor-section elementor-top-section elementor-element elementor-element-8b342e5 elementor-section-boxed elementor-section-height-default elementor-section-height-default\" data-id=\"8b342e5\" data-element_type=\"section\" data-e-type=\"section\">\n\t\t\t\t\t\t<div class=\"elementor-container elementor-column-gap-default\">\n\t\t\t\t\t<div class=\"elementor-column elementor-col-100 elementor-top-column elementor-element elementor-element-a8f81df\" data-id=\"a8f81df\" data-element_type=\"column\" data-e-type=\"column\">\n\t\t\t<div class=\"elementor-widget-wrap elementor-element-populated\">\n\t\t\t\t\t\t<div class=\"elementor-element elementor-element-ab0e0e7 elementor-widget elementor-widget-heading\" data-id=\"ab0e0e7\" data-element_type=\"widget\" data-e-type=\"widget\" data-widget_type=\"heading.default\">\n\t\t\t\t<div class=\"elementor-widget-container\">\n\t\t\t\t\t<h2 class=\"elementor-heading-title elementor-size-default\">Implementation of an IT tax system<\/h2>\t\t\t\t<\/div>\n\t\t\t\t<\/div>\n\t\t\t\t<div class=\"elementor-element elementor-element-e7e1676 elementor-widget elementor-widget-heading\" data-id=\"e7e1676\" data-element_type=\"widget\" data-e-type=\"widget\" data-widget_type=\"heading.default\">\n\t\t\t\t<div class=\"elementor-widget-container\">\n\t\t\t\t\t<h4 class=\"elementor-heading-title elementor-size-default\">Case study<\/h4>\t\t\t\t<\/div>\n\t\t\t\t<\/div>\n\t\t\t\t\t<\/div>\n\t\t<\/div>\n\t\t\t\t\t<\/div>\n\t\t<\/section>\n\t\t\t\t<section class=\"elementor-section elementor-top-section elementor-element elementor-element-6da4263 elementor-section-boxed elementor-section-height-default elementor-section-height-default\" data-id=\"6da4263\" data-element_type=\"section\" data-e-type=\"section\">\n\t\t\t\t\t\t<div class=\"elementor-container elementor-column-gap-default\">\n\t\t\t\t\t<div class=\"elementor-column elementor-col-100 elementor-top-column elementor-element elementor-element-341c47a\" data-id=\"341c47a\" data-element_type=\"column\" data-e-type=\"column\">\n\t\t\t<div class=\"elementor-widget-wrap elementor-element-populated\">\n\t\t\t\t\t\t<div class=\"elementor-element elementor-element-daefaf3 elementor-widget elementor-widget-text-editor\" data-id=\"daefaf3\" data-element_type=\"widget\" data-e-type=\"widget\" data-widget_type=\"text-editor.default\">\n\t\t\t\t<div class=\"elementor-widget-container\">\n\t\t\t\t\t\t\t\t\t<p style=\"text-align: justify;\">I have decided to present this project in my portfolio due to the exceptional time, in which it was implemented. The beginning of the last decade of the 20th century was an exceptionally turbulent period, in which we experienced a political transformation, while digital technologies developed rapidly in the world. IBM PC personal computers with the MS-DOS system and monochrome monitors were increasingly found in offices and homes. Their heart and brain were 16-bit Intel 80286 processors, RAM with a capacity of about 4 MB and hard drives with a capacity of 40-80 MB. External data carriers were floppy disks with a capacity of 1.2 or 1.44 MB. Yes &#8211; it&#8217;s not a mistake &#8211; everything was counted in megabytes, not giga and terabytes &#8230;<\/p><p style=\"text-align: justify;\">The implementation of an IT system for real estate taxes, designed by Tadeusz Groszek from Info-System, was my first serious experience in an IT project. In addition to new technical and managerial skills, it has enriched me with valuable practice in the field of organizational change management. I conducted the project as part of the duties of the secretary of the city of Aleksandr\u00f3w \u0141\u00f3dzki, responsible for adapting the local government administration to the new political realities. Interdisciplinary education (technical and legal) helped me a lot. I was able to ensure effective communication between IT specialists and municipal officials. Ensuring mutual understanding between specialists from distant fields was essential to the success of this undertaking. It also made it possible to reduce emotions and the understandable fear of losing jobs.<\/p>\t\t\t\t\t\t\t\t<\/div>\n\t\t\t\t<\/div>\n\t\t\t\t\t<\/div>\n\t\t<\/div>\n\t\t\t\t\t<\/div>\n\t\t<\/section>\n\t\t\t\t<section class=\"elementor-section elementor-top-section elementor-element elementor-element-769ae29 elementor-section-boxed elementor-section-height-default elementor-section-height-default\" data-id=\"769ae29\" data-element_type=\"section\" data-e-type=\"section\">\n\t\t\t\t\t\t<div class=\"elementor-container elementor-column-gap-default\">\n\t\t\t\t\t<div class=\"elementor-column elementor-col-100 elementor-top-column elementor-element elementor-element-0b28125\" data-id=\"0b28125\" data-element_type=\"column\" data-e-type=\"column\">\n\t\t\t<div class=\"elementor-widget-wrap elementor-element-populated\">\n\t\t\t\t\t\t<div class=\"elementor-element elementor-element-6853a39 elementor-widget elementor-widget-heading\" data-id=\"6853a39\" data-element_type=\"widget\" data-e-type=\"widget\" data-widget_type=\"heading.default\">\n\t\t\t\t<div class=\"elementor-widget-container\">\n\t\t\t\t\t<h3 class=\"elementor-heading-title elementor-size-default\">Challenges <\/h3>\t\t\t\t<\/div>\n\t\t\t\t<\/div>\n\t\t\t\t<div class=\"elementor-element elementor-element-49c9ee2 elementor-widget elementor-widget-text-editor\" data-id=\"49c9ee2\" data-element_type=\"widget\" data-e-type=\"widget\" data-widget_type=\"text-editor.default\">\n\t\t\t\t<div class=\"elementor-widget-container\">\n\t\t\t\t\t\t\t\t\t<p style=\"text-align: justify;\">The introduction of information technology aroused great fears among the employees of the Finance Department. Some of them were convinced that they would not be able to learn how to use a computer, which was a completely unknown device for them. However, shortly after the system was launched, the employees of the office noticed the great facilitations offered by the new technology. Fears replaced joy and pride. It was the first or one of the first IT systems of this type implemented in the \u0141\u00f3d\u017a region.<\/p><p style=\"text-align: justify;\">The implementation of the software, based on the Novell NetWare network operating system, enforced the transparency of the accounting database and the transparency of information flow, which, however, was not satisfactory to all employees. Its launch was also associated with the need to digitally rewrite the extensive land register. On the one hand, it was a lot of extra work, and on the other, an opportunity to earn extra money.\u00a0<\/p>\t\t\t\t\t\t\t\t<\/div>\n\t\t\t\t<\/div>\n\t\t\t\t\t<\/div>\n\t\t<\/div>\n\t\t\t\t\t<\/div>\n\t\t<\/section>\n\t\t\t\t<section class=\"elementor-section elementor-top-section elementor-element elementor-element-2537edb elementor-section-boxed elementor-section-height-default elementor-section-height-default\" data-id=\"2537edb\" data-element_type=\"section\" data-e-type=\"section\">\n\t\t\t\t\t\t<div class=\"elementor-container elementor-column-gap-default\">\n\t\t\t\t\t<div class=\"elementor-column elementor-col-100 elementor-top-column elementor-element elementor-element-d66706b\" data-id=\"d66706b\" data-element_type=\"column\" data-e-type=\"column\">\n\t\t\t<div class=\"elementor-widget-wrap elementor-element-populated\">\n\t\t\t\t\t\t<div class=\"elementor-element elementor-element-bc2c9ce elementor-widget elementor-widget-image\" data-id=\"bc2c9ce\" data-element_type=\"widget\" data-e-type=\"widget\" data-widget_type=\"image.default\">\n\t\t\t\t<div class=\"elementor-widget-container\">\n\t\t\t\t\t\t\t\t\t\t\t\t<figure class=\"wp-caption\">\n\t\t\t\t\t\t\t\t\t\t\t<a href=\"https:\/\/tomaszdomanski.eu\/en\/wp-content\/uploads\/2023\/05\/Podatki-od-nieruchomosci-EN.jpg\" data-elementor-open-lightbox=\"yes\" data-elementor-lightbox-title=\"Podatki od nieruchomo\u015bci EN\" data-e-action-hash=\"#elementor-action%3Aaction%3Dlightbox%26settings%3DeyJpZCI6MTk5MzcsInVybCI6Imh0dHBzOlwvXC90b21hc3pkb21hbnNraS5ldVwvZW5cL3dwLWNvbnRlbnRcL3VwbG9hZHNcLzIwMjNcLzA1XC9Qb2RhdGtpLW9kLW5pZXJ1Y2hvbW9zY2ktRU4uanBnIn0%3D\">\n\t\t\t\t\t\t\t<img fetchpriority=\"high\" decoding=\"async\" width=\"2090\" height=\"790\" src=\"https:\/\/tomaszdomanski.eu\/en\/wp-content\/uploads\/2023\/05\/Podatki-od-nieruchomosci-EN.jpg\" class=\"attachment-full size-full wp-image-19937\" alt=\"\" srcset=\"https:\/\/tomaszdomanski.eu\/en\/wp-content\/uploads\/2023\/05\/Podatki-od-nieruchomosci-EN.jpg 2090w, https:\/\/tomaszdomanski.eu\/en\/wp-content\/uploads\/2023\/05\/Podatki-od-nieruchomosci-EN-300x113.jpg 300w, https:\/\/tomaszdomanski.eu\/en\/wp-content\/uploads\/2023\/05\/Podatki-od-nieruchomosci-EN-1024x387.jpg 1024w, https:\/\/tomaszdomanski.eu\/en\/wp-content\/uploads\/2023\/05\/Podatki-od-nieruchomosci-EN-768x290.jpg 768w, https:\/\/tomaszdomanski.eu\/en\/wp-content\/uploads\/2023\/05\/Podatki-od-nieruchomosci-EN-1536x581.jpg 1536w, https:\/\/tomaszdomanski.eu\/en\/wp-content\/uploads\/2023\/05\/Podatki-od-nieruchomosci-EN-2048x774.jpg 2048w\" sizes=\"(max-width: 2090px) 100vw, 2090px\" \/>\t\t\t\t\t\t\t\t<\/a>\n\t\t\t\t\t\t\t\t\t\t\t<figcaption class=\"widget-image-caption wp-caption-text\">Property tax structure<\/figcaption>\n\t\t\t\t\t\t\t\t\t\t<\/figure>\n\t\t\t\t\t\t\t\t\t<\/div>\n\t\t\t\t<\/div>\n\t\t\t\t\t<\/div>\n\t\t<\/div>\n\t\t\t\t\t<\/div>\n\t\t<\/section>\n\t\t\t\t<section class=\"elementor-section elementor-top-section elementor-element elementor-element-e0ac050 elementor-section-stretched elementor-section-height-min-height elementor-section-boxed elementor-section-height-default elementor-section-items-middle\" data-id=\"e0ac050\" data-element_type=\"section\" data-e-type=\"section\" data-settings=\"{&quot;stretch_section&quot;:&quot;section-stretched&quot;,&quot;background_background&quot;:&quot;classic&quot;}\">\n\t\t\t\t\t\t\t<div class=\"elementor-background-overlay\"><\/div>\n\t\t\t\t\t\t\t<div class=\"elementor-container elementor-column-gap-default\">\n\t\t\t\t\t<div class=\"elementor-column elementor-col-100 elementor-top-column elementor-element elementor-element-711e0c9\" data-id=\"711e0c9\" data-element_type=\"column\" data-e-type=\"column\">\n\t\t\t<div class=\"elementor-widget-wrap elementor-element-populated\">\n\t\t\t\t\t\t<div class=\"elementor-element elementor-element-f150ea1 elementor-widget elementor-widget-text-editor\" data-id=\"f150ea1\" data-element_type=\"widget\" data-e-type=\"widget\" data-widget_type=\"text-editor.default\">\n\t\t\t\t<div class=\"elementor-widget-container\">\n\t\t\t\t\t\t\t\t\t<p style=\"text-align: center;\">Implementation of the IT system consists in carrying out two basic groups of activities: (1) adapting the system to the needs of the organization and (2) carrying out changes in the organization aimed at effective use of the possibilities offered by the IT system.<\/p>\t\t\t\t\t\t\t\t<\/div>\n\t\t\t\t<\/div>\n\t\t\t\t<div class=\"elementor-element elementor-element-05f8814 elementor-widget elementor-widget-text-editor\" data-id=\"05f8814\" data-element_type=\"widget\" data-e-type=\"widget\" data-widget_type=\"text-editor.default\">\n\t\t\t\t<div class=\"elementor-widget-container\">\n\t\t\t\t\t\t\t\t\t<p><span style=\"color: #ffffff; font-size: 14pt;\">Maria Romanowska<\/span><\/p>\t\t\t\t\t\t\t\t<\/div>\n\t\t\t\t<\/div>\n\t\t\t\t\t<\/div>\n\t\t<\/div>\n\t\t\t\t\t<\/div>\n\t\t<\/section>\n\t\t\t\t<section class=\"elementor-section elementor-top-section elementor-element elementor-element-3b26794 elementor-section-boxed elementor-section-height-default elementor-section-height-default\" data-id=\"3b26794\" data-element_type=\"section\" data-e-type=\"section\">\n\t\t\t\t\t\t<div class=\"elementor-container elementor-column-gap-default\">\n\t\t\t\t\t<div class=\"elementor-column elementor-col-100 elementor-top-column elementor-element elementor-element-fa42b66\" data-id=\"fa42b66\" data-element_type=\"column\" data-e-type=\"column\">\n\t\t\t<div class=\"elementor-widget-wrap elementor-element-populated\">\n\t\t\t\t\t\t<div class=\"elementor-element elementor-element-d14ad34 elementor-widget elementor-widget-heading\" data-id=\"d14ad34\" data-element_type=\"widget\" data-e-type=\"widget\" data-widget_type=\"heading.default\">\n\t\t\t\t<div class=\"elementor-widget-container\">\n\t\t\t\t\t<h3 class=\"elementor-heading-title elementor-size-default\">The effects of implementing the IT system<\/h3>\t\t\t\t<\/div>\n\t\t\t\t<\/div>\n\t\t\t\t<div class=\"elementor-element elementor-element-3cd61bf elementor-widget elementor-widget-text-editor\" data-id=\"3cd61bf\" data-element_type=\"widget\" data-e-type=\"widget\" data-widget_type=\"text-editor.default\">\n\t\t\t\t<div class=\"elementor-widget-container\">\n\t\t\t\t\t\t\t\t\t<p style=\"text-align: justify;\">Computer applications for tax assessment freed the employees of the Finance Department from the cumbersome manual work of quarterly tax calculation and manual writing of thousands of tax returns. Calculating taxes on the calculator was a tedious, tiring job with a high risk of error. With the introduction of computers, all you had to do was mark a range of property records. The computer and printer did the rest of the work. Since then, the work of mubicipal tax officials has mainly been to update real estate data and the relevant tax rates.\u00a0<\/p><p style=\"text-align: justify;\">The computer system enabled free management of full information on the real estate tax as well as the agricultural and forestry taxes, calculated for natural and legal persons. The application was integrated with the electronic real estate register and the payables accounting module, ensuring automatic exchange of data related to receivables. It enabled the following functions:<\/p><ul><li style=\"text-align: left;\">Creating and maintaining taxation units based on taxpayers&#8217; data;<\/li><li style=\"text-align: left;\">Handling tax liabilities in accordance with applicable regulations;<\/li><li style=\"text-align: left;\">Calculation of dimensional and changing decisions and automatic booking of receivables;<\/li><li style=\"text-align: left;\">Checking real estate data;<\/li><li style=\"text-align: left;\">Creating summaries and reports necessary for inspections, reconciliations and statistics;<\/li><li style=\"text-align: left;\">Defining and calculating tax exemptions and reliefs;<\/li><li style=\"text-align: left;\">Retrospective tax calculation based on historical data on components and tax rates;<\/li><li style=\"text-align: left;\">Analyzing tax rates and creating revenue simulations;<\/li><li style=\"text-align: left;\">Creating and printing personalized tax decisions;<\/li><li style=\"text-align: left;\">Printing receipts with the possibility of automatic booking;<\/li><li style=\"text-align: left;\">Tax refund accounting.<\/li><\/ul><p style=\"text-align: justify;\">The development of information technology in the City Hall also contributed to the use of electronic text editors in everyday work, such as ChiWriter (later replaced by MS Word) and Quatro Pro and Lotus 1-2-3 spreadsheets (subsequently replaced by MS Excel).<\/p>\t\t\t\t\t\t\t\t<\/div>\n\t\t\t\t<\/div>\n\t\t\t\t\t<\/div>\n\t\t<\/div>\n\t\t\t\t\t<\/div>\n\t\t<\/section>\n\t\t\t\t<section class=\"elementor-section elementor-top-section elementor-element elementor-element-228bc8a elementor-section-stretched elementor-section-boxed elementor-section-height-default elementor-section-height-default\" data-id=\"228bc8a\" data-element_type=\"section\" data-e-type=\"section\" data-settings=\"{&quot;stretch_section&quot;:&quot;section-stretched&quot;,&quot;background_background&quot;:&quot;classic&quot;}\">\n\t\t\t\t\t\t<div class=\"elementor-container elementor-column-gap-default\">\n\t\t\t\t\t<div class=\"elementor-column elementor-col-100 elementor-top-column elementor-element elementor-element-f9b2601\" data-id=\"f9b2601\" data-element_type=\"column\" data-e-type=\"column\">\n\t\t\t<div class=\"elementor-widget-wrap elementor-element-populated\">\n\t\t\t\t\t\t<div class=\"elementor-element elementor-element-98f7bb0 elementor-widget elementor-widget-image\" data-id=\"98f7bb0\" data-element_type=\"widget\" data-e-type=\"widget\" data-widget_type=\"image.default\">\n\t\t\t\t<div class=\"elementor-widget-container\">\n\t\t\t\t\t\t\t\t\t\t\t\t<figure class=\"wp-caption\">\n\t\t\t\t\t\t\t\t\t\t<img decoding=\"async\" src=\"https:\/\/tomaszdomanski.eu\/en\/wp-content\/uploads\/2023\/05\/Ewidencja-podatkowa-EN.png\" title=\"\" alt=\"\" loading=\"lazy\" \/>\t\t\t\t\t\t\t\t\t\t\t<figcaption class=\"widget-image-caption wp-caption-text\">Schematic diagram of the real estate tax registration and assessment system<\/figcaption>\n\t\t\t\t\t\t\t\t\t\t<\/figure>\n\t\t\t\t\t\t\t\t\t<\/div>\n\t\t\t\t<\/div>\n\t\t\t\t\t<\/div>\n\t\t<\/div>\n\t\t\t\t\t<\/div>\n\t\t<\/section>\n\t\t\t\t<\/div>\n\t\t","protected":false},"excerpt":{"rendered":"<p>Implementation of an IT tax system Case study I have decided to present this project in my portfolio due to the exceptional time, in which it was implemented. The beginning of the last decade of the 20th century was an exceptionally turbulent period, in which we experienced a political transformation, while digital technologies developed rapidly [&hellip;]<\/p>\n","protected":false},"author":1,"featured_media":0,"parent":0,"menu_order":0,"comment_status":"closed","ping_status":"closed","template":"","meta":{"ocean_post_layout":"","ocean_both_sidebars_style":"","ocean_both_sidebars_content_width":0,"ocean_both_sidebars_sidebars_width":0,"ocean_sidebar":"0","ocean_second_sidebar":"0","ocean_disable_margins":"enable","ocean_add_body_class":"","ocean_shortcode_before_top_bar":"","ocean_shortcode_after_top_bar":"","ocean_shortcode_before_header":"","ocean_shortcode_after_header":"","ocean_has_shortcode":"","ocean_shortcode_after_title":"","ocean_shortcode_before_footer_widgets":"","ocean_shortcode_after_footer_widgets":"","ocean_shortcode_before_footer_bottom":"","ocean_shortcode_after_footer_bottom":"","ocean_display_top_bar":"default","ocean_display_header":"default","ocean_header_style":"","ocean_center_header_left_menu":"0","ocean_custom_header_template":"0","ocean_custom_logo":0,"ocean_custom_retina_logo":0,"ocean_custom_logo_max_width":0,"ocean_custom_logo_tablet_max_width":0,"ocean_custom_logo_mobile_max_width":0,"ocean_custom_logo_max_height":0,"ocean_custom_logo_tablet_max_height":0,"ocean_custom_logo_mobile_max_height":0,"ocean_header_custom_menu":"0","ocean_menu_typo_font_family":"0","ocean_menu_typo_font_subset":"","ocean_menu_typo_font_size":0,"ocean_menu_typo_font_size_tablet":0,"ocean_menu_typo_font_size_mobile":0,"ocean_menu_typo_font_size_unit":"px","ocean_menu_typo_font_weight":"","ocean_menu_typo_font_weight_tablet":"","ocean_menu_typo_font_weight_mobile":"","ocean_menu_typo_transform":"","ocean_menu_typo_transform_tablet":"","ocean_menu_typo_transform_mobile":"","ocean_menu_typo_line_height":0,"ocean_menu_typo_line_height_tablet":0,"ocean_menu_typo_line_height_mobile":0,"ocean_menu_typo_line_height_unit":"","ocean_menu_typo_spacing":0,"ocean_menu_typo_spacing_tablet":0,"ocean_menu_typo_spacing_mobile":0,"ocean_menu_typo_spacing_unit":"","ocean_menu_link_color":"","ocean_menu_link_color_hover":"","ocean_menu_link_color_active":"","ocean_menu_link_background":"","ocean_menu_link_hover_background":"","ocean_menu_link_active_background":"","ocean_menu_social_links_bg":"","ocean_menu_social_hover_links_bg":"","ocean_menu_social_links_color":"","ocean_menu_social_hover_links_color":"","ocean_disable_title":"default","ocean_disable_heading":"default","ocean_post_title":"Portfolio","ocean_post_subheading":"","ocean_post_title_style":"background-image","ocean_post_title_background_color":"","ocean_post_title_background":5717,"ocean_post_title_bg_image_position":"top center","ocean_post_title_bg_image_attachment":"fixed","ocean_post_title_bg_image_repeat":"","ocean_post_title_bg_image_size":"contain","ocean_post_title_height":0,"ocean_post_title_bg_overlay":0.5,"ocean_post_title_bg_overlay_color":"","ocean_disable_breadcrumbs":"default","ocean_breadcrumbs_color":"","ocean_breadcrumbs_separator_color":"","ocean_breadcrumbs_links_color":"","ocean_breadcrumbs_links_hover_color":"","ocean_display_footer_widgets":"default","ocean_display_footer_bottom":"default","ocean_custom_footer_template":"0","footnotes":""},"class_list":["post-5595","page","type-page","status-publish","hentry","entry"],"_links":{"self":[{"href":"https:\/\/tomaszdomanski.eu\/en\/wp-json\/wp\/v2\/pages\/5595","targetHints":{"allow":["GET"]}}],"collection":[{"href":"https:\/\/tomaszdomanski.eu\/en\/wp-json\/wp\/v2\/pages"}],"about":[{"href":"https:\/\/tomaszdomanski.eu\/en\/wp-json\/wp\/v2\/types\/page"}],"author":[{"embeddable":true,"href":"https:\/\/tomaszdomanski.eu\/en\/wp-json\/wp\/v2\/users\/1"}],"replies":[{"embeddable":true,"href":"https:\/\/tomaszdomanski.eu\/en\/wp-json\/wp\/v2\/comments?post=5595"}],"version-history":[{"count":220,"href":"https:\/\/tomaszdomanski.eu\/en\/wp-json\/wp\/v2\/pages\/5595\/revisions"}],"predecessor-version":[{"id":19947,"href":"https:\/\/tomaszdomanski.eu\/en\/wp-json\/wp\/v2\/pages\/5595\/revisions\/19947"}],"wp:attachment":[{"href":"https:\/\/tomaszdomanski.eu\/en\/wp-json\/wp\/v2\/media?parent=5595"}],"curies":[{"name":"wp","href":"https:\/\/api.w.org\/{rel}","templated":true}]}}